{"id":11258,"date":"2023-01-30T08:36:18","date_gmt":"2023-01-30T14:36:18","guid":{"rendered":"http:\/\/eco-press.cmsmasters.net\/?page_id=11258"},"modified":"2024-01-31T14:50:49","modified_gmt":"2024-01-31T20:50:49","slug":"noticias","status":"publish","type":"page","link":"https:\/\/ambio.org.mx\/en\/noticias\/","title":{"rendered":"News"},"content":{"rendered":"<style type=\"text\/css\"> \n#cmsmasters_row_69e793731dd343_36338932 { \n\tbackground-color:#fafafa;\n} \n\n#cmsmasters_row_69e793731dd343_36338932 .cmsmasters_row_outer_parent { \n\tpadding-top: 100px; \n} \n\n#cmsmasters_row_69e793731dd343_36338932 .cmsmasters_row_outer_parent { \n\tpadding-bottom: 100px; \n} \n\n<\/style><div id=\"cmsmasters_row_69e793731dd343_36338932\" class=\"cmsmasters_row cmsmasters_color_scheme_default cmsmasters_row_top_default cmsmasters_row_bot_default cmsmasters_row_boxed\">\n<div class=\"cmsmasters_row_outer_parent\">\n<div class=\"cmsmasters_row_outer\">\n<div class=\"cmsmasters_row_inner\">\n<div class=\"cmsmasters_row_margin\">\n<div class=\"cmsmasters_column one_first\">\n<div class=\"cmsmasters_wrap_blog entry-summary\" id=\"blog_69e793731ddde5_21569408\"><script type=\"text\/javascript\">\r\njQuery(document).ready(function () {\r\n\t(function ($) {\r\n\t\tif ($('#blog_69e793731ddde5_21569408').find('article').length == '0') {\r\n\t\t\treturn false;\r\n\t\t}\r\n\t\t\r\n\t\t\r\n\t\tstartBlog( \r\n\t\t\t'69e793731ddde5_21569408', \r\n\t\t\t'columns', \r\n\t\t\t'grid', \r\n\t\t\t'https:\/\/ambio.org.mx\/wp-content\/plugins\/cmsmasters-content-composer\/', \r\n\t\t\t'date', \r\n\t\t\t'DESC', \r\n\t\t\t'9', \r\n\t\t\t'2018,2019,2020,2021,2022,2023,2024,uncategorized', \r\n\t\t\t'author,more' \r\n\t\t);\r\n\t} )(jQuery);\r\n} );\r\n<\/script>\r\n<div class=\"blog columns grid cmsmasters_3\">\r\n<!-- Start Standard Article -->\r\n\r\n<article id=\"post-12959\" class=\"cmsmasters_post_masonry post-12959 post type-post status-publish format-standard has-post-thumbnail hentry category-68\" data-category=\"2024\">\r\n\t<div class=\"cmsmasters_post_cont\">\r\n\t\t<figure class=\"cmsmasters_img_wrap\"><a href=\"https:\/\/ambio.org.mx\/en\/estancia-preprofesional-de-antropologia-en-ambio\/\" title=\"Testimony: Pre-professional anthropology stay at AMBIO.\u00a0\" class=\"cmsmasters_img_link preloader\"><img loading=\"lazy\" decoding=\"async\" width=\"580\" height=\"360\" src=\"https:\/\/ambio.org.mx\/wp-content\/uploads\/2024\/03\/Ima77-e1711837608806-580x360.jpg\" class=\"full-width wp-post-image\" alt=\"Testimonio: Estancia preprofesional de antropolog\u00eda en AMBIO.\u00a0\" title=\"Testimony: Pre-professional anthropology stay at AMBIO.\u00a0\" \/><\/a><\/figure><div class=\"cmsmasters_post_cont_wrapper\"><div class=\"cmsmasters_post_info_bottom entry-meta\"><header class=\"cmsmasters_post_header entry-header\"><h3 class=\"cmsmasters_post_title entry-title\"><a href=\"https:\/\/ambio.org.mx\/en\/estancia-preprofesional-de-antropologia-en-ambio\/\">Testimony: Pre-professional anthropology stay at AMBIO.\u00a0<\/a><\/h3><\/header><div class=\"cmsmasters_post_cont_info entry-meta\"><span class=\"cmsmasters_post_author\"><span>By<\/span><a href=\"https:\/\/ambio.org.mx\/en\/author\/admin\/\" title=\"Posts by admin\" class=\"vcard author\"><span class=\"fn\">admin<\/span><\/a><\/span><\/div><div class=\"cmsmasters_post_content entry-content\">\n<p>Como estudiante de antropolog\u00eda social, siempre me han interesado mucho los temas medioambientales y la protecci\u00f3n de los bosques, ya...<\/p>\n<\/div>\n<footer class=\"cmsmasters_post_footer entry-meta\"><a class=\"button cmsmasters_post_read_more\" href=\"https:\/\/ambio.org.mx\/en\/estancia-preprofesional-de-antropologia-en-ambio\/\">READ MORE <\/a><\/footer><\/div><\/div>\t<\/div>\r\n<\/article>\r\n<!-- Finish Standard Article -->\r\n\r\n\r\n<!-- Start Standard Article -->\r\n\r\n<article id=\"post-12954\" class=\"cmsmasters_post_masonry post-12954 post type-post status-publish format-standard has-post-thumbnail hentry category-68\" data-category=\"2024\">\r\n\t<div class=\"cmsmasters_post_cont\">\r\n\t\t<figure class=\"cmsmasters_img_wrap\"><a href=\"https:\/\/ambio.org.mx\/en\/capacitacion-a-tecnicos-del-programa-scolelte\/\" title=\"Training for Technicians of the Scolel&#039;te Program.\" class=\"cmsmasters_img_link preloader\"><img loading=\"lazy\" decoding=\"async\" width=\"547\" height=\"360\" src=\"https:\/\/ambio.org.mx\/wp-content\/uploads\/2024\/03\/ima33-2-547x360.jpg\" class=\"full-width wp-post-image\" alt=\"Capacitaci\u00f3n a T\u00e9cnicos del Programa Scolel\u00b4te.\" title=\"Training for Technicians of the Scolel&#039;te Program.\" srcset=\"https:\/\/ambio.org.mx\/wp-content\/uploads\/2024\/03\/ima33-2-547x360.jpg 547w, https:\/\/ambio.org.mx\/wp-content\/uploads\/2024\/03\/ima33-2-16x12.jpg 16w\" sizes=\"auto, (max-width: 547px) 100vw, 547px\" \/><\/a><\/figure><div class=\"cmsmasters_post_cont_wrapper\"><div class=\"cmsmasters_post_info_bottom entry-meta\"><header class=\"cmsmasters_post_header entry-header\"><h3 class=\"cmsmasters_post_title entry-title\"><a href=\"https:\/\/ambio.org.mx\/en\/capacitacion-a-tecnicos-del-programa-scolelte\/\">Training for Technicians of the Scolel'te Program.<\/a><\/h3><\/header><div class=\"cmsmasters_post_cont_info entry-meta\"><span class=\"cmsmasters_post_author\"><span>By<\/span><a href=\"https:\/\/ambio.org.mx\/en\/author\/admin\/\" title=\"Posts by admin\" class=\"vcard author\"><span class=\"fn\">admin<\/span><\/a><\/span><\/div><div class=\"cmsmasters_post_content entry-content\">\n<p>Como parte de las actividades de fortalecimiento del programa Scolel\u00b4te, en el mes de marzo se imparti\u00f3 una capacitaci\u00f3n a...<\/p>\n<\/div>\n<footer class=\"cmsmasters_post_footer entry-meta\"><a class=\"button cmsmasters_post_read_more\" href=\"https:\/\/ambio.org.mx\/en\/capacitacion-a-tecnicos-del-programa-scolelte\/\">READ MORE <\/a><\/footer><\/div><\/div>\t<\/div>\r\n<\/article>\r\n<!-- Finish Standard Article -->\r\n\r\n\r\n<!-- Start Standard Article -->\r\n\r\n<article id=\"post-12951\" class=\"cmsmasters_post_masonry post-12951 post type-post status-publish format-standard has-post-thumbnail hentry category-68\" data-category=\"2024\">\r\n\t<div class=\"cmsmasters_post_cont\">\r\n\t\t<figure class=\"cmsmasters_img_wrap\"><a href=\"https:\/\/ambio.org.mx\/en\/colaboracion-con-la-semahn-para-la-donacion-de-planta\/\" title=\"Collaboration with the SEMAHN for the donation of plants.\" class=\"cmsmasters_img_link preloader\"><img loading=\"lazy\" decoding=\"async\" width=\"437\" height=\"219\" src=\"https:\/\/ambio.org.mx\/wp-content\/uploads\/2024\/03\/ima21.png\" class=\"full-width wp-post-image\" alt=\"Colaboraci\u00f3n con la SEMAHN para la donaci\u00f3n de planta.\" title=\"Collaboration with the SEMAHN for the donation of plants.\" srcset=\"https:\/\/ambio.org.mx\/wp-content\/uploads\/2024\/03\/ima21.png 437w, https:\/\/ambio.org.mx\/wp-content\/uploads\/2024\/03\/ima21-300x150.png 300w, https:\/\/ambio.org.mx\/wp-content\/uploads\/2024\/03\/ima21-18x9.png 18w\" sizes=\"auto, (max-width: 437px) 100vw, 437px\" \/><\/a><\/figure><div class=\"cmsmasters_post_cont_wrapper\"><div class=\"cmsmasters_post_info_bottom entry-meta\"><header class=\"cmsmasters_post_header entry-header\"><h3 class=\"cmsmasters_post_title entry-title\"><a href=\"https:\/\/ambio.org.mx\/en\/colaboracion-con-la-semahn-para-la-donacion-de-planta\/\">Collaboration with the SEMAHN for the donation of plants.<\/a><\/h3><\/header><div class=\"cmsmasters_post_cont_info entry-meta\"><span class=\"cmsmasters_post_author\"><span>By<\/span><a href=\"https:\/\/ambio.org.mx\/en\/author\/admin\/\" title=\"Posts by admin\" class=\"vcard author\"><span class=\"fn\">admin<\/span><\/a><\/span><\/div><div class=\"cmsmasters_post_content entry-content\">\n<p>La Secretaria de Medio Ambiente e Historia Natural (SEMAHN), es la instituci\u00f3n encargada del manejo y protecci\u00f3n de los recursos...<\/p>\n<\/div>\n<footer class=\"cmsmasters_post_footer entry-meta\"><a class=\"button cmsmasters_post_read_more\" href=\"https:\/\/ambio.org.mx\/en\/colaboracion-con-la-semahn-para-la-donacion-de-planta\/\">READ MORE <\/a><\/footer><\/div><\/div>\t<\/div>\r\n<\/article>\r\n<!-- Finish Standard Article -->\r\n\r\n\r\n<!-- Start Standard Article -->\r\n\r\n<article id=\"post-12945\" class=\"cmsmasters_post_masonry post-12945 post type-post status-publish format-standard has-post-thumbnail hentry category-68\" data-category=\"2024\">\r\n\t<div class=\"cmsmasters_post_cont\">\r\n\t\t<figure class=\"cmsmasters_img_wrap\"><a href=\"https:\/\/ambio.org.mx\/en\/presentacion-de-proyecto\/\" title=\"Project presentation.\" class=\"cmsmasters_img_link preloader\"><img loading=\"lazy\" decoding=\"async\" width=\"580\" height=\"360\" src=\"https:\/\/ambio.org.mx\/wp-content\/uploads\/2024\/03\/imagen20-e1711832154157-580x360.jpeg\" class=\"full-width wp-post-image\" alt=\"Presentaci\u00f3n de proyecto.\" title=\"Project presentation.\" \/><\/a><\/figure><div class=\"cmsmasters_post_cont_wrapper\"><div class=\"cmsmasters_post_info_bottom entry-meta\"><header class=\"cmsmasters_post_header entry-header\"><h3 class=\"cmsmasters_post_title entry-title\"><a href=\"https:\/\/ambio.org.mx\/en\/presentacion-de-proyecto\/\">Project presentation.<\/a><\/h3><\/header><div class=\"cmsmasters_post_cont_info entry-meta\"><span class=\"cmsmasters_post_author\"><span>By<\/span><a href=\"https:\/\/ambio.org.mx\/en\/author\/admin\/\" title=\"Posts by admin\" class=\"vcard author\"><span class=\"fn\">admin<\/span><\/a><\/span><\/div><div class=\"cmsmasters_post_content entry-content\">\n<p>Con el apoyo del Ayuntamiento de Berrioz\u00e1bal, CONANP Frailesca y CONAFOR Promotor\u00eda Villaflores, los d\u00edas 5 y 6 de marzo...<\/p>\n<\/div>\n<footer class=\"cmsmasters_post_footer entry-meta\"><a class=\"button cmsmasters_post_read_more\" href=\"https:\/\/ambio.org.mx\/en\/presentacion-de-proyecto\/\">READ MORE <\/a><\/footer><\/div><\/div>\t<\/div>\r\n<\/article>\r\n<!-- Finish Standard Article -->\r\n\r\n\r\n<!-- Start Standard Article -->\r\n\r\n<article id=\"post-12936\" class=\"cmsmasters_post_masonry post-12936 post type-post status-publish format-standard has-post-thumbnail hentry category-68\" data-category=\"2024\">\r\n\t<div class=\"cmsmasters_post_cont\">\r\n\t\t<figure class=\"cmsmasters_img_wrap\"><a href=\"https:\/\/ambio.org.mx\/en\/establecimiento-de-un-vivero-comunitario-en-el-ejido-san-joaquin-el-rosario-chiapas\/\" title=\"Establishment of a community nursery in the ejido, San Joaqu\u00edn El Rosario, Chiapas.\" class=\"cmsmasters_img_link preloader\"><img loading=\"lazy\" decoding=\"async\" width=\"580\" height=\"360\" src=\"https:\/\/ambio.org.mx\/wp-content\/uploads\/2024\/02\/Image-20677M-1-e1709255569958-580x360.jpeg\" class=\"full-width wp-post-image\" alt=\"Establecimiento de un vivero comunitario en el ejido, San Joaqu\u00edn El Rosario, Chiapas.\" title=\"Establishment of a community nursery in the ejido, San Joaqu\u00edn El Rosario, Chiapas.\" \/><\/a><\/figure><div class=\"cmsmasters_post_cont_wrapper\"><div class=\"cmsmasters_post_info_bottom entry-meta\"><header class=\"cmsmasters_post_header entry-header\"><h3 class=\"cmsmasters_post_title entry-title\"><a href=\"https:\/\/ambio.org.mx\/en\/establecimiento-de-un-vivero-comunitario-en-el-ejido-san-joaquin-el-rosario-chiapas\/\">Establishment of a community nursery in the ejido, San Joaqu\u00edn El Rosario, Chiapas.<\/a><\/h3><\/header><div class=\"cmsmasters_post_cont_info entry-meta\"><span class=\"cmsmasters_post_author\"><span>By<\/span><a href=\"https:\/\/ambio.org.mx\/en\/author\/admin\/\" title=\"Posts by admin\" class=\"vcard author\"><span class=\"fn\">admin<\/span><\/a><\/span><\/div><div class=\"cmsmasters_post_content entry-content\">\n<p>Un pilar del programa Scolel\u00b4te es la colaboraci\u00f3n con ejidos y comunidades. La producci\u00f3n de planta a nivel local motiva...<\/p>\n<\/div>\n<footer class=\"cmsmasters_post_footer entry-meta\"><a class=\"button cmsmasters_post_read_more\" href=\"https:\/\/ambio.org.mx\/en\/establecimiento-de-un-vivero-comunitario-en-el-ejido-san-joaquin-el-rosario-chiapas\/\">READ MORE <\/a><\/footer><\/div><\/div>\t<\/div>\r\n<\/article>\r\n<!-- Finish Standard Article -->\r\n\r\n\r\n<!-- Start Standard Article -->\r\n\r\n<article id=\"post-12930\" class=\"cmsmasters_post_masonry post-12930 post type-post status-publish format-standard has-post-thumbnail hentry category-68\" data-category=\"2024\">\r\n\t<div class=\"cmsmasters_post_cont\">\r\n\t\t<figure class=\"cmsmasters_img_wrap\"><a href=\"https:\/\/ambio.org.mx\/en\/produccion-de-planta-forestal-para-restauracion-mediante-regeneracion-natural-asistida-en-el-ejido-nuevo-vicente-guerrero\/\" title=\"Production of forest plants for restoration through Assisted Natural Regeneration\" class=\"cmsmasters_img_link preloader\"><img loading=\"lazy\" decoding=\"async\" width=\"580\" height=\"360\" src=\"https:\/\/ambio.org.mx\/wp-content\/uploads\/2024\/02\/112-e1709255096362-580x360.jpg\" class=\"full-width wp-post-image\" alt=\"Producci\u00f3n de planta forestal para restauraci\u00f3n mediante Regeneraci\u00f3n Natural Asistida.\" title=\"Production of forest plants for restoration through Assisted Natural Regeneration\" srcset=\"https:\/\/ambio.org.mx\/wp-content\/uploads\/2024\/02\/112-e1709255096362-580x360.jpg 580w, https:\/\/ambio.org.mx\/wp-content\/uploads\/2024\/02\/112-e1709255096362-18x10.jpg 18w\" sizes=\"auto, (max-width: 580px) 100vw, 580px\" \/><\/a><\/figure><div class=\"cmsmasters_post_cont_wrapper\"><div class=\"cmsmasters_post_info_bottom entry-meta\"><header class=\"cmsmasters_post_header entry-header\"><h3 class=\"cmsmasters_post_title entry-title\"><a href=\"https:\/\/ambio.org.mx\/en\/produccion-de-planta-forestal-para-restauracion-mediante-regeneracion-natural-asistida-en-el-ejido-nuevo-vicente-guerrero\/\">Production of forest plants for restoration through Assisted Natural Regeneration<\/a><\/h3><\/header><div class=\"cmsmasters_post_cont_info entry-meta\"><span class=\"cmsmasters_post_author\"><span>By<\/span><a href=\"https:\/\/ambio.org.mx\/en\/author\/admin\/\" title=\"Posts by admin\" class=\"vcard author\"><span class=\"fn\">admin<\/span><\/a><\/span><\/div><div class=\"cmsmasters_post_content entry-content\">\n<p>En el marco del proyecto \u201cRestauraci\u00f3n de paisaje emblem\u00e1ticos en la Sierra Madre de Chiapas\u201d apoyado por Conservaci\u00f3n internacional, la...<\/p>\n<\/div>\n<footer class=\"cmsmasters_post_footer entry-meta\"><a class=\"button cmsmasters_post_read_more\" href=\"https:\/\/ambio.org.mx\/en\/produccion-de-planta-forestal-para-restauracion-mediante-regeneracion-natural-asistida-en-el-ejido-nuevo-vicente-guerrero\/\">READ MORE <\/a><\/footer><\/div><\/div>\t<\/div>\r\n<\/article>\r\n<!-- Finish Standard Article -->\r\n\r\n\r\n<!-- Start Standard Article -->\r\n\r\n<article id=\"post-12924\" class=\"cmsmasters_post_masonry post-12924 post type-post status-publish format-standard has-post-thumbnail hentry category-68\" data-category=\"2024\">\r\n\t<div class=\"cmsmasters_post_cont\">\r\n\t\t<figure class=\"cmsmasters_img_wrap\"><a href=\"https:\/\/ambio.org.mx\/en\/monitoreo-de-parcelas-agroforestales\/\" title=\"Agroforestry plots monitoring.\" class=\"cmsmasters_img_link preloader\"><img loading=\"lazy\" decoding=\"async\" width=\"580\" height=\"360\" src=\"https:\/\/ambio.org.mx\/wp-content\/uploads\/2024\/02\/DSC_0115-1-e1709254624696-580x360.jpg\" class=\"full-width wp-post-image\" alt=\"Monitoreo de parcelas agroforestales.\" title=\"Agroforestry plots monitoring.\" srcset=\"https:\/\/ambio.org.mx\/wp-content\/uploads\/2024\/02\/DSC_0115-1-e1709254624696-580x360.jpg 580w, https:\/\/ambio.org.mx\/wp-content\/uploads\/2024\/02\/DSC_0115-1-e1709254624696-18x12.jpg 18w\" sizes=\"auto, (max-width: 580px) 100vw, 580px\" \/><\/a><\/figure><div class=\"cmsmasters_post_cont_wrapper\"><div class=\"cmsmasters_post_info_bottom entry-meta\"><header class=\"cmsmasters_post_header entry-header\"><h3 class=\"cmsmasters_post_title entry-title\"><a href=\"https:\/\/ambio.org.mx\/en\/monitoreo-de-parcelas-agroforestales\/\">Agroforestry plots monitoring.<\/a><\/h3><\/header><div class=\"cmsmasters_post_cont_info entry-meta\"><span class=\"cmsmasters_post_author\"><span>By<\/span><a href=\"https:\/\/ambio.org.mx\/en\/author\/admin\/\" title=\"Posts by admin\" class=\"vcard author\"><span class=\"fn\">admin<\/span><\/a><\/span><\/div><div class=\"cmsmasters_post_content entry-content\">\n<p>El proyecto \u201cGobernanza local y Protecci\u00f3n de la cuenca alta del r\u00edo Pijijiapan\u201d desarrollado por la cooperativa AMBIO, con el...<\/p>\n<\/div>\n<footer class=\"cmsmasters_post_footer entry-meta\"><a class=\"button cmsmasters_post_read_more\" href=\"https:\/\/ambio.org.mx\/en\/monitoreo-de-parcelas-agroforestales\/\">READ MORE <\/a><\/footer><\/div><\/div>\t<\/div>\r\n<\/article>\r\n<!-- Finish Standard Article -->\r\n\r\n\r\n<!-- Start Standard Article -->\r\n\r\n<article id=\"post-12914\" class=\"cmsmasters_post_masonry post-12914 post type-post status-publish format-standard has-post-thumbnail hentry category-68\" data-category=\"2024\">\r\n\t<div class=\"cmsmasters_post_cont\">\r\n\t\t<figure class=\"cmsmasters_img_wrap\"><a href=\"https:\/\/ambio.org.mx\/en\/reunion-anual-del-programa-scolelte\/\" title=\"Annual meeting of the Scolel\u2019te program.\" class=\"cmsmasters_img_link preloader\"><img loading=\"lazy\" decoding=\"async\" width=\"580\" height=\"360\" src=\"https:\/\/ambio.org.mx\/wp-content\/uploads\/2024\/01\/IMG_0415-1-scaled-e1706729957319-580x360.jpg\" class=\"full-width wp-post-image\" alt=\"Reuni\u00f3n anual del programa Scolel\u2019te.\" title=\"Annual meeting of the Scolel\u2019te program.\" \/><\/a><\/figure><div class=\"cmsmasters_post_cont_wrapper\"><div class=\"cmsmasters_post_info_bottom entry-meta\"><header class=\"cmsmasters_post_header entry-header\"><h3 class=\"cmsmasters_post_title entry-title\"><a href=\"https:\/\/ambio.org.mx\/en\/reunion-anual-del-programa-scolelte\/\">Annual meeting of the Scolel\u2019te program.<\/a><\/h3><\/header><div class=\"cmsmasters_post_cont_info entry-meta\"><span class=\"cmsmasters_post_author\"><span>By<\/span><a href=\"https:\/\/ambio.org.mx\/en\/author\/admin\/\" title=\"Posts by admin\" class=\"vcard author\"><span class=\"fn\">admin<\/span><\/a><\/span><\/div><div class=\"cmsmasters_post_content entry-content\">\n<p>El 18 y 19 de enero del 2024 se realiz\u00f3 la reuni\u00f3n anual del programa Scolel\u2019te en la Ciudad de...<\/p>\n<\/div>\n<footer class=\"cmsmasters_post_footer entry-meta\"><a class=\"button cmsmasters_post_read_more\" href=\"https:\/\/ambio.org.mx\/en\/reunion-anual-del-programa-scolelte\/\">READ MORE<\/a><\/footer><\/div><\/div>\t<\/div>\r\n<\/article>\r\n<!-- Finish Standard Article -->\r\n\r\n\r\n<!-- Start Standard Article -->\r\n\r\n<article id=\"post-12905\" class=\"cmsmasters_post_masonry post-12905 post type-post status-publish format-standard has-post-thumbnail hentry category-68\" data-category=\"2024\">\r\n\t<div class=\"cmsmasters_post_cont\">\r\n\t\t<figure class=\"cmsmasters_img_wrap\"><a href=\"https:\/\/ambio.org.mx\/en\/los-productores-y-los-retos-ante-el-cambio-climatico\/\" title=\"Producers and the challenges faced by climate change.\" class=\"cmsmasters_img_link preloader\"><img loading=\"lazy\" decoding=\"async\" width=\"580\" height=\"360\" src=\"https:\/\/ambio.org.mx\/wp-content\/uploads\/2024\/01\/Plantacion-de-cafe-Bonanza-VillaCorzo-scaled-e1706729502165-580x360.jpg\" class=\"full-width wp-post-image\" alt=\"Los productores y los retos ante el cambio clim\u00e1tico.\" title=\"Producers and the challenges faced by climate change.\" srcset=\"https:\/\/ambio.org.mx\/wp-content\/uploads\/2024\/01\/Plantacion-de-cafe-Bonanza-VillaCorzo-scaled-e1706729502165-580x360.jpg 580w, https:\/\/ambio.org.mx\/wp-content\/uploads\/2024\/01\/Plantacion-de-cafe-Bonanza-VillaCorzo-scaled-e1706729502165-18x12.jpg 18w\" sizes=\"auto, (max-width: 580px) 100vw, 580px\" \/><\/a><\/figure><div class=\"cmsmasters_post_cont_wrapper\"><div class=\"cmsmasters_post_info_bottom entry-meta\"><header class=\"cmsmasters_post_header entry-header\"><h3 class=\"cmsmasters_post_title entry-title\"><a href=\"https:\/\/ambio.org.mx\/en\/los-productores-y-los-retos-ante-el-cambio-climatico\/\">Producers and the challenges faced by climate change.<\/a><\/h3><\/header><div class=\"cmsmasters_post_cont_info entry-meta\"><span class=\"cmsmasters_post_author\"><span>By<\/span><a href=\"https:\/\/ambio.org.mx\/en\/author\/admin\/\" title=\"Posts by admin\" class=\"vcard author\"><span class=\"fn\">admin<\/span><\/a><\/span><\/div><div class=\"cmsmasters_post_content entry-content\">\n<p>No hay duda que los efectos del cambio clim\u00e1tico se est\u00e1n haciendo presentes cada vez m\u00e1s tanto en el medio...<\/p>\n<\/div>\n<footer class=\"cmsmasters_post_footer entry-meta\"><a class=\"button cmsmasters_post_read_more\" href=\"https:\/\/ambio.org.mx\/en\/los-productores-y-los-retos-ante-el-cambio-climatico\/\">READ MORE<\/a><\/footer><\/div><\/div>\t<\/div>\r\n<\/article>\r\n<!-- Finish Standard Article -->\r\n\r\n<\/div><div class=\"cmsmasters_wrap_more_posts cmsmasters_wrap_more_items\"><div class=\"cmsmasters_wrap_pagination\"><ul class='page-numbers'>\n\t<li><span aria-current=\"page\" class=\"page-numbers current\">1<\/span><\/li>\n\t<li><a class=\"page-numbers\" href=\"https:\/\/ambio.org.mx\/en\/wp-json\/wp\/v2\/pages\/11258\/page\/2\/\">2<\/a><\/li>\n\t<li><a class=\"page-numbers\" href=\"https:\/\/ambio.org.mx\/en\/wp-json\/wp\/v2\/pages\/11258\/page\/3\/\">3<\/a><\/li>\n\t<li><span class=\"page-numbers dots\">&hellip;<\/span><\/li>\n\t<li><a class=\"page-numbers\" href=\"https:\/\/ambio.org.mx\/en\/wp-json\/wp\/v2\/pages\/11258\/page\/5\/\">5<\/a><\/li>\n\t<li><a class=\"next page-numbers\" href=\"https:\/\/ambio.org.mx\/en\/wp-json\/wp\/v2\/pages\/11258\/page\/2\/\"><span class=\"cmsmasters_theme_icon_slide_next\"><\/span><\/a><\/li>\n<\/ul>\n<\/div><\/div><\/div>\n<\/div>\n<\/div>\n<\/div>\n<\/div>\n<\/div>\n<\/div>","protected":false},"excerpt":{"rendered":"","protected":false},"author":1,"featured_media":0,"parent":0,"menu_order":0,"comment_status":"closed","ping_status":"closed","template":"","meta":{"footnotes":""},"class_list":["post-11258","page","type-page","status-publish","hentry"],"_links":{"self":[{"href":"https:\/\/ambio.org.mx\/en\/wp-json\/wp\/v2\/pages\/11258","targetHints":{"allow":["GET"]}}],"collection":[{"href":"https:\/\/ambio.org.mx\/en\/wp-json\/wp\/v2\/pages"}],"about":[{"href":"https:\/\/ambio.org.mx\/en\/wp-json\/wp\/v2\/types\/page"}],"author":[{"embeddable":true,"href":"https:\/\/ambio.org.mx\/en\/wp-json\/wp\/v2\/users\/1"}],"replies":[{"embeddable":true,"href":"https:\/\/ambio.org.mx\/en\/wp-json\/wp\/v2\/comments?post=11258"}],"version-history":[{"count":17,"href":"https:\/\/ambio.org.mx\/en\/wp-json\/wp\/v2\/pages\/11258\/revisions"}],"predecessor-version":[{"id":12923,"href":"https:\/\/ambio.org.mx\/en\/wp-json\/wp\/v2\/pages\/11258\/revisions\/12923"}],"wp:attachment":[{"href":"https:\/\/ambio.org.mx\/en\/wp-json\/wp\/v2\/media?parent=11258"}],"curies":[{"name":"wp","href":"https:\/\/api.w.org\/{rel}","templated":true}]}}