{"id":9861,"date":"2016-01-29T15:42:43","date_gmt":"2016-01-29T15:42:43","guid":{"rendered":"http:\/\/construction-pro.cmsmasters.net\/?page_id=9861"},"modified":"2023-05-26T12:54:20","modified_gmt":"2023-05-26T18:54:20","slug":"proyectos-implementados","status":"publish","type":"page","link":"https:\/\/ambio.org.mx\/en\/proyectos-implementados\/","title":{"rendered":"IMPLEMENTED PROJECTS"},"content":{"rendered":"<style type=\"text\/css\"> \n#cmsmasters_row_69ebbc624c7d16_31927865 { \n\tbackground-color:#fafafa;\n} \n\n#cmsmasters_row_69ebbc624c7d16_31927865 .cmsmasters_row_outer_parent { \n\tpadding-top: 100px; \n} \n\n#cmsmasters_row_69ebbc624c7d16_31927865 .cmsmasters_row_outer_parent { \n\tpadding-bottom: 90px; \n} \n\n \n#cmsmasters_heading_69ebbc624ca089_33436599 { \n\ttext-align:center; \n\tmargin-top:0px; \n\tmargin-bottom:10px; \n} \n\n#cmsmasters_heading_69ebbc624ca089_33436599 .cmsmasters_heading { \n\ttext-align:center; \n} \n\n#cmsmasters_heading_69ebbc624ca089_33436599 .cmsmasters_heading, #cmsmasters_heading_69ebbc624ca089_33436599 .cmsmasters_heading a { \n\tfont-weight:300; \n\tfont-style:normal; \n} \n\n#cmsmasters_heading_69ebbc624ca089_33436599 .cmsmasters_heading_divider { \n} \n\n \n#cmsmasters_heading_69ebbc624ca5c9_35345441 { \n\ttext-align:center; \n\tmargin-top:0px; \n\tmargin-bottom:70px; \n} \n\n#cmsmasters_heading_69ebbc624ca5c9_35345441 .cmsmasters_heading { \n\ttext-align:center; \n} \n\n#cmsmasters_heading_69ebbc624ca5c9_35345441 .cmsmasters_heading, #cmsmasters_heading_69ebbc624ca5c9_35345441 .cmsmasters_heading a { \n\tfont-size:20px; \n\tfont-weight:300; \n\tfont-style:normal; \n} \n\n#cmsmasters_heading_69ebbc624ca5c9_35345441 .cmsmasters_heading_divider { \n} \n\n \n#cmsmasters_row_69ebbc624fb758_35208296 .cmsmasters_row_outer_parent { \n\tpadding-top: 100px; \n} \n\n#cmsmasters_row_69ebbc624fb758_35208296 .cmsmasters_row_outer_parent { \n\tpadding-bottom: 0px; \n} \n\n \n#cmsmasters_row_69ebbc625172e7_51248774 .cmsmasters_row_outer_parent { \n\tpadding-top: 20px; \n} \n\n#cmsmasters_row_69ebbc625172e7_51248774 .cmsmasters_row_outer_parent { \n\tpadding-bottom: 30px; \n} \n\n \n#cmsmasters_icon_69ebbc62518a67_67072639 { \n\tdisplay:block; \n\ttext-align:center; } \n\n#cmsmasters_icon_69ebbc62518a67_67072639 .cmsmasters_simple_icon { \n\tborder-width:0px; \n\twidth:120px; \n\theight:120px; \n\tfont-size:60px; \n\tline-height:120px; \n\ttext-align:center; \n\t-webkit-border-radius:50%; \n\tborder-radius:50%; \n\tcolor:#8dbf5b;} \n \n#cmsmasters_icon_69ebbc62519023_83681952 { \n\tdisplay:block; \n\ttext-align:center; } \n\n#cmsmasters_icon_69ebbc62519023_83681952 .cmsmasters_simple_icon { \n\tborder-width:0px; \n\twidth:120px; \n\theight:120px; \n\tfont-size:60px; \n\tline-height:120px; \n\ttext-align:center; \n\t-webkit-border-radius:50%; \n\tborder-radius:50%; \n\tcolor:#8dbf5b;} \n \n#cmsmasters_icon_69ebbc62519563_92818943 { \n\tdisplay:block; \n\ttext-align:center; } \n\n#cmsmasters_icon_69ebbc62519563_92818943 .cmsmasters_simple_icon { \n\tborder-width:0px; \n\twidth:120px; \n\theight:120px; \n\tfont-size:60px; \n\tline-height:120px; \n\ttext-align:center; \n\t-webkit-border-radius:50%; \n\tborder-radius:50%; \n\tcolor:#8dbf5b;} \n<\/style><div id=\"cmsmasters_row_69ebbc624c7d16_31927865\" class=\"cmsmasters_row cmsmasters_color_scheme_default cmsmasters_row_top_default cmsmasters_row_bot_default cmsmasters_row_boxed\">\n<div class=\"cmsmasters_row_outer_parent\">\n<div class=\"cmsmasters_row_outer\">\n<div class=\"cmsmasters_row_inner\">\n<div class=\"cmsmasters_row_margin\">\n<div class=\"cmsmasters_column one_first\">\n\n<div id=\"cmsmasters_heading_69ebbc624ca089_33436599\" class=\"cmsmasters_heading_wrap cmsmasters_heading_align_center\">\n\t<h1 class=\"cmsmasters_heading\">Our projects<\/h1>\n<\/div>\n<div id=\"cmsmasters_heading_69ebbc624ca5c9_35345441\" class=\"cmsmasters_heading_wrap cmsmasters_heading_align_center\">\n\t<h3 class=\"cmsmasters_heading\">Every action counts! Alliances to change the world.<\/h3>\n<\/div>\n<div class=\"cmsmasters_wrap_portfolio entry-summary\" id=\"portfolio_69ebbc624cbf7\">\r\n<script type=\"text\/javascript\">\r\njQuery(document).ready(function () {\r\n(function ($) {\r\n\tif ($('#portfolio_69ebbc624cbf7').find('article').length == '0') {\r\n\t\treturn false;\r\n\t}\r\n\t\r\n\r\n\tstartPortfolio( \r\n\t\t'69ebbc624cbf7', \r\n\t\t'grid', \r\n\t\t'perfect', \r\n\t\t'https:\/\/ambio.org.mx\/wp-content\/plugins\/cmsmasters-content-composer\/', \r\n\t\t'date', \r\n\t\t'ASC', \r\n\t\t'10', \r\n\t\t'cambio-climatico', \r\n\t\t'title,excerpt,categories,rollover,hover_icon,cmsmasters-icon-leaf-1' \r\n\t);\r\n} )(jQuery);\r\n} );\r\n<\/script>\r\n<div class=\"portfolio grid large_gap perfect cmsmasters_3\">\r\n<!-- Start Standard Project -->\r\n\r\n<article id=\"post-1164\" class=\"cmsmasters_project_grid post-1164 project type-project status-publish format-standard has-post-thumbnail hentry pj-categs-cambio-climatico pj-categs-fortalecimiento-capacidades-perespectiva-genero\" data-category=\"cambio-climatico fortalecimiento-capacidades-perespectiva-genero\">\r\n\t<div class=\"project_outer\">\r\n\t<figure class=\"cmsmasters_img_rollover_wrap preloader\"><img loading=\"lazy\" decoding=\"async\" width=\"580\" height=\"490\" src=\"https:\/\/ambio.org.mx\/wp-content\/uploads\/2015\/05\/IMG_6602-580x490.jpg\" class=\"full-width wp-post-image\" alt=\"Desarrollo de capacidades de productores de Caf\u00e9, hombres y mujeres, como l\u00edderes locales en la regi\u00f3n Frailesca de Chiapas, M\u00e9xico.\" title=\"Capacity development of coffee producers, men and women, as local leaders in the Frailesca region of Chiapas, Mexico.\" \/><div class=\"cmsmasters_img_rollover\"><a href=\"https:\/\/ambio.org.mx\/en\/proyectos\/desarrollo-capacidades-lideres-locales-region-frailesca-chiapas\/\" title=\"Capacity development of coffee producers, men and women, as local leaders in the Frailesca region of Chiapas, Mexico.\" class=\"cmsmasters_open_post_link cmsmasters-icon-leaf-1\"><\/a><\/div><\/figure><div class=\"project_inner\"><header class=\"cmsmasters_project_header entry-header\"><h3 class=\"cmsmasters_project_title entry-title\"><a href=\"https:\/\/ambio.org.mx\/en\/proyectos\/desarrollo-capacidades-lideres-locales-region-frailesca-chiapas\/\">Capacity development of coffee producers, men and women, as local leaders in the Frailesca region of Chiapas, Mexico.<\/a><\/h3><\/header><div class=\"cmsmasters_project_cont_info entry-meta\"><span class=\"cmsmasters_project_category\"><a href=\"https:\/\/ambio.org.mx\/en\/pj-categs\/cambio-climatico\/\" class=\"cmsmasters_cat_color cmsmasters_cat_57\" rel=\"category tag\">Climate Change<\/a>, <a href=\"https:\/\/ambio.org.mx\/en\/pj-categs\/fortalecimiento-capacidades-perespectiva-genero\/\" class=\"cmsmasters_cat_color cmsmasters_cat_58\" rel=\"category tag\">Strengthening of Capacities and Gender Perspective<\/a><\/span><\/div><\/div><span class=\"dn meta-date\">20150504143349<\/span>\t<\/div>\r\n<\/article>\r\n<!-- Finish Standard Project -->\r\n\r\n\r\n<!-- Start Standard Project -->\r\n\r\n<article id=\"post-1167\" class=\"cmsmasters_project_grid post-1167 project type-project status-publish format-standard has-post-thumbnail hentry pj-categs-cambio-climatico pj-categs-fortalecimiento-capacidades-perespectiva-genero\" data-category=\"cambio-climatico fortalecimiento-capacidades-perespectiva-genero\">\r\n\t<div class=\"project_outer\">\r\n\t<figure class=\"cmsmasters_img_rollover_wrap preloader\"><img loading=\"lazy\" decoding=\"async\" width=\"580\" height=\"490\" src=\"https:\/\/ambio.org.mx\/wp-content\/uploads\/2015\/05\/DSC_0160-580x490.jpg\" class=\"full-width wp-post-image\" alt=\"Desarrollo de capacidades en manejo de la sombra en cafetales certificados en Chiapas, M\u00e9xico.\" title=\"Development of capacities in shade management for certified coffee plantations in Chiapas, Mexico.\" \/><div class=\"cmsmasters_img_rollover\"><a href=\"https:\/\/ambio.org.mx\/en\/proyectos\/desarrollo-capacidades-manejo-sobra-cafetales\/\" title=\"Development of capacities in shade management for certified coffee plantations in Chiapas, Mexico.\" class=\"cmsmasters_open_post_link cmsmasters-icon-leaf-1\"><\/a><\/div><\/figure><div class=\"project_inner\"><header class=\"cmsmasters_project_header entry-header\"><h3 class=\"cmsmasters_project_title entry-title\"><a href=\"https:\/\/ambio.org.mx\/en\/proyectos\/desarrollo-capacidades-manejo-sobra-cafetales\/\">Development of capacities in shade management for certified coffee plantations in Chiapas, Mexico.<\/a><\/h3><\/header><div class=\"cmsmasters_project_cont_info entry-meta\"><span class=\"cmsmasters_project_category\"><a href=\"https:\/\/ambio.org.mx\/en\/pj-categs\/cambio-climatico\/\" class=\"cmsmasters_cat_color cmsmasters_cat_57\" rel=\"category tag\">Climate Change<\/a>, <a href=\"https:\/\/ambio.org.mx\/en\/pj-categs\/fortalecimiento-capacidades-perespectiva-genero\/\" class=\"cmsmasters_cat_color cmsmasters_cat_58\" rel=\"category tag\">Strengthening of Capacities and Gender Perspective<\/a><\/span><\/div><\/div><span class=\"dn meta-date\">20150504143428<\/span>\t<\/div>\r\n<\/article>\r\n<!-- Finish Standard Project -->\r\n\r\n\r\n<!-- Start Standard Project -->\r\n\r\n<article id=\"post-1169\" class=\"cmsmasters_project_grid post-1169 project type-project status-publish format-standard has-post-thumbnail hentry pj-categs-cambio-climatico\" data-category=\"cambio-climatico\">\r\n\t<div class=\"project_outer\">\r\n\t<figure class=\"cmsmasters_img_rollover_wrap preloader\"><img loading=\"lazy\" decoding=\"async\" width=\"580\" height=\"490\" src=\"https:\/\/ambio.org.mx\/wp-content\/uploads\/2015\/05\/IMG-20200928-WA0006-580x490.jpg\" class=\"full-width wp-post-image\" alt=\"Gobernanza Local y Protecci\u00f3n contra incendios forestales en el APRN \u201cLa Frailescana\u201d.\" title=\"Local Governance and Protection against forest fires in the APRN &quot;La Frailescana&quot;.\" \/><div class=\"cmsmasters_img_rollover\"><a href=\"https:\/\/ambio.org.mx\/en\/proyectos\/gobernanza-local-proteccion-contra-incendios-forestales-aprn\/\" title=\"Local Governance and Protection against forest fires in the APRN &quot;La Frailescana&quot;.\" class=\"cmsmasters_open_post_link cmsmasters-icon-leaf-1\"><\/a><\/div><\/figure><div class=\"project_inner\"><header class=\"cmsmasters_project_header entry-header\"><h3 class=\"cmsmasters_project_title entry-title\"><a href=\"https:\/\/ambio.org.mx\/en\/proyectos\/gobernanza-local-proteccion-contra-incendios-forestales-aprn\/\">Local Governance and Protection against forest fires in the APRN \"La Frailescana\".<\/a><\/h3><\/header><div class=\"cmsmasters_project_cont_info entry-meta\"><span class=\"cmsmasters_project_category\"><a href=\"https:\/\/ambio.org.mx\/en\/pj-categs\/cambio-climatico\/\" class=\"cmsmasters_cat_color cmsmasters_cat_57\" rel=\"category tag\">Climate Change<\/a><\/span><\/div><\/div><span class=\"dn meta-date\">20150504143636<\/span>\t<\/div>\r\n<\/article>\r\n<!-- Finish Standard Project -->\r\n\r\n\r\n<!-- Start Standard Project -->\r\n\r\n<article id=\"post-1171\" class=\"cmsmasters_project_grid post-1171 project type-project status-publish format-standard has-post-thumbnail hentry pj-categs-cambio-climatico pj-categs-manejo-integral-territorio\" data-category=\"cambio-climatico manejo-integral-territorio\">\r\n\t<div class=\"project_outer\">\r\n\t<figure class=\"cmsmasters_img_rollover_wrap preloader\"><img loading=\"lazy\" decoding=\"async\" width=\"580\" height=\"490\" src=\"https:\/\/ambio.org.mx\/wp-content\/uploads\/2015\/05\/IMG_20220722_100403508-580x490.jpg\" class=\"full-width wp-post-image\" alt=\"Restauraci\u00f3n forestal, establecimiento y mantenimiento de sistemas agroforestales en comunidades de la Sierra Madre de Chiapas\" title=\"Forest restoration, establishment and maintenance of agroforestry systems in communities of the Sierra Madre of Chiapas.\" \/><div class=\"cmsmasters_img_rollover\"><a href=\"https:\/\/ambio.org.mx\/en\/proyectos\/restauracion-forestal-comunidades-sierra-madre\/\" title=\"Forest restoration, establishment and maintenance of agroforestry systems in communities of the Sierra Madre of Chiapas.\" class=\"cmsmasters_open_post_link cmsmasters-icon-leaf-1\"><\/a><\/div><\/figure><div class=\"project_inner\"><header class=\"cmsmasters_project_header entry-header\"><h3 class=\"cmsmasters_project_title entry-title\"><a href=\"https:\/\/ambio.org.mx\/en\/proyectos\/restauracion-forestal-comunidades-sierra-madre\/\">Forest restoration, establishment and maintenance of agroforestry systems in communities of the Sierra Madre of Chiapas.<\/a><\/h3><\/header><div class=\"cmsmasters_project_cont_info entry-meta\"><span class=\"cmsmasters_project_category\"><a href=\"https:\/\/ambio.org.mx\/en\/pj-categs\/cambio-climatico\/\" class=\"cmsmasters_cat_color cmsmasters_cat_57\" rel=\"category tag\">Climate Change<\/a>, <a href=\"https:\/\/ambio.org.mx\/en\/pj-categs\/manejo-integral-territorio\/\" class=\"cmsmasters_cat_color cmsmasters_cat_59\" rel=\"category tag\">Integrated Management of the Territory<\/a><\/span><\/div><\/div><span class=\"dn meta-date\">20150504143718<\/span>\t<\/div>\r\n<\/article>\r\n<!-- Finish Standard Project -->\r\n\r\n\r\n<!-- Start Standard Project -->\r\n\r\n<article id=\"post-1596\" class=\"cmsmasters_project_grid post-1596 project type-project status-publish format-standard has-post-thumbnail hentry pj-categs-cambio-climatico pj-categs-manejo-integral-territorio\" data-category=\"cambio-climatico manejo-integral-territorio\">\r\n\t<div class=\"project_outer\">\r\n\t<figure class=\"cmsmasters_img_rollover_wrap preloader\"><img loading=\"lazy\" decoding=\"async\" width=\"580\" height=\"490\" src=\"https:\/\/ambio.org.mx\/wp-content\/uploads\/2015\/05\/IMG_20221115_102302816_HDR-580x490.jpg\" class=\"full-width wp-post-image\" alt=\"Gobernanza local y manejo sostenible de la cuenca alta del R\u00edo Pijijiapan, Chiapas.\" title=\"Local governance and sustainable management of the &quot;Uper basin&quot; of the Pijijiapan River, Chiapas.\" \/><div class=\"cmsmasters_img_rollover\"><a href=\"https:\/\/ambio.org.mx\/en\/proyectos\/gobernanza-manejo-sostenible-rio-pijijiapan\/\" title=\"Local governance and sustainable management of the &quot;Uper basin&quot; of the Pijijiapan River, Chiapas.\" class=\"cmsmasters_open_post_link cmsmasters-icon-leaf-1\"><\/a><\/div><\/figure><div class=\"project_inner\"><header class=\"cmsmasters_project_header entry-header\"><h3 class=\"cmsmasters_project_title entry-title\"><a href=\"https:\/\/ambio.org.mx\/en\/proyectos\/gobernanza-manejo-sostenible-rio-pijijiapan\/\">Local governance and sustainable management of the \"Uper basin\" of the Pijijiapan River, Chiapas.<\/a><\/h3><\/header><div class=\"cmsmasters_project_cont_info entry-meta\"><span class=\"cmsmasters_project_category\"><a href=\"https:\/\/ambio.org.mx\/en\/pj-categs\/cambio-climatico\/\" class=\"cmsmasters_cat_color cmsmasters_cat_57\" rel=\"category tag\">Climate Change<\/a>, <a href=\"https:\/\/ambio.org.mx\/en\/pj-categs\/manejo-integral-territorio\/\" class=\"cmsmasters_cat_color cmsmasters_cat_59\" rel=\"category tag\">Integrated Management of the Territory<\/a><\/span><\/div><\/div><span class=\"dn meta-date\">20230506130921<\/span>\t<\/div>\r\n<\/article>\r\n<!-- Finish Standard Project -->\r\n\r\n<\/div><\/div>\n<\/div>\n<\/div>\n<\/div>\n<\/div>\n<\/div>\n<\/div>\n<div id=\"cmsmasters_row_69ebbc624fb758_35208296\" class=\"cmsmasters_row cmsmasters_color_scheme_first cmsmasters_row_top_default cmsmasters_row_bot_default cmsmasters_row_boxed\">\n<div class=\"cmsmasters_row_outer_parent\">\n<div class=\"cmsmasters_row_outer\">\n<div class=\"cmsmasters_row_inner\">\n<div class=\"cmsmasters_row_margin\">\n<div class=\"cmsmasters_column one_first\">\n<div class=\"cmsmasters_sidebar sidebar_layout_131313\"><aside id=\"text-2\" class=\"widget widget_text\"><h3 class=\"widgettitle\">About us<\/h3>\t\t\t<div class=\"textwidget\">AMBIO is a nationally and internationally recognized organization as a reference in projects aimed at mitigating climate change, integral management of the territory and capacity building.<\/div>\n\t\t<\/aside><aside id=\"text-3\" class=\"widget widget_text\">\t\t\t<div class=\"textwidget\"> <div class=\"widget_pages\">\n<h3 class=\"widgettitle\">Lines of action<\/h3>\n<ul>\n  <li><a href=\"#\">Climate Change and Biodiversity<\/a><\/li>\n  <li><a href=\"#\">Strengthening of Capacities and Gender Perspective<\/a><\/li>\n  <li><a href=\"#\">Integrated Management of the Territory<\/a><\/li>\n <\/ul>\n<\/div><\/div>\n\t\t<\/aside><aside id=\"custom-posts-tabs-3\" class=\"widget widget_custom_posts_tabs_entries\"><h3 class=\"widgettitle\">\u00daltimos posts<\/h3><div class=\"cmsmasters_tabs tabs_mode_tab lpr\"><ul class=\"cmsmasters_tabs_list\"><li class=\"cmsmasters_tabs_list_item current_tab\"><a href=\"#\"><span>Latest<\/span><\/a><\/li><li class=\"cmsmasters_tabs_list_item\"><a href=\"#\"><span>Popular<\/span><\/a><\/li><li class=\"cmsmasters_tabs_list_item\"><a href=\"#\"><span>Comments<\/span><\/a><\/li><\/ul><div class=\"cmsmasters_tabs_wrap\"><div class=\"cmsmasters_tab tab_latest\"><ul><li><div class=\"cmsmasters_lpr_tabs_img\"><figure class=\"cmsmasters_img_wrap\"><a href=\"https:\/\/ambio.org.mx\/en\/estancia-preprofesional-de-antropologia-en-ambio\/\" title=\"Testimony: Pre-professional anthropology stay at AMBIO.\u00a0\" class=\"cmsmasters_img_link\"><img loading=\"lazy\" decoding=\"async\" width=\"300\" height=\"300\" src=\"https:\/\/ambio.org.mx\/wp-content\/uploads\/2024\/03\/Ima77-e1711837608806-300x300.jpg\" class=\"wp-post-image\" alt=\"Testimonio: Estancia preprofesional de antropolog\u00eda en AMBIO.\u00a0\" title=\"Testimony: Pre-professional anthropology stay at AMBIO.\u00a0\" srcset=\"https:\/\/ambio.org.mx\/wp-content\/uploads\/2024\/03\/Ima77-e1711837608806-300x300.jpg 300w, https:\/\/ambio.org.mx\/wp-content\/uploads\/2024\/03\/Ima77-e1711837608806-150x150.jpg 150w, https:\/\/ambio.org.mx\/wp-content\/uploads\/2024\/03\/Ima77-e1711837608806-60x60.jpg 60w\" sizes=\"auto, (max-width: 300px) 100vw, 300px\" \/><\/a><\/figure><\/div><div class=\"cmsmasters_lpr_tabs_cont\"><a href=\"https:\/\/ambio.org.mx\/en\/estancia-preprofesional-de-antropologia-en-ambio\/\" title=\"Testimony: Pre-professional anthropology stay at AMBIO.\u00a0\">Testimony: Pre-professional anthropology stay at AMBIO.\u00a0<\/a><abbr class=\"published\" title=\"30 March, 2024\">30 March, 2024<\/abbr><\/div><\/li><li><div class=\"cmsmasters_lpr_tabs_img\"><figure class=\"cmsmasters_img_wrap\"><a href=\"https:\/\/ambio.org.mx\/en\/capacitacion-a-tecnicos-del-programa-scolelte\/\" title=\"Training for Technicians of the Scolel&#039;te Program.\" class=\"cmsmasters_img_link\"><img loading=\"lazy\" decoding=\"async\" width=\"300\" height=\"300\" src=\"https:\/\/ambio.org.mx\/wp-content\/uploads\/2024\/03\/ima33-2-300x300.jpg\" class=\"wp-post-image\" alt=\"Capacitaci\u00f3n a T\u00e9cnicos del Programa Scolel\u00b4te.\" title=\"Training for Technicians of the Scolel&#039;te Program.\" srcset=\"https:\/\/ambio.org.mx\/wp-content\/uploads\/2024\/03\/ima33-2-300x300.jpg 300w, https:\/\/ambio.org.mx\/wp-content\/uploads\/2024\/03\/ima33-2-150x150.jpg 150w, https:\/\/ambio.org.mx\/wp-content\/uploads\/2024\/03\/ima33-2-60x60.jpg 60w\" sizes=\"auto, (max-width: 300px) 100vw, 300px\" \/><\/a><\/figure><\/div><div class=\"cmsmasters_lpr_tabs_cont\"><a href=\"https:\/\/ambio.org.mx\/en\/capacitacion-a-tecnicos-del-programa-scolelte\/\" title=\"Training for Technicians of the Scolel&#039;te Program.\">Training for Technicians of the Scolel'te Program.<\/a><abbr class=\"published\" title=\"30 March, 2024\">30 March, 2024<\/abbr><\/div><\/li><li><div class=\"cmsmasters_lpr_tabs_img\"><figure class=\"cmsmasters_img_wrap\"><a href=\"https:\/\/ambio.org.mx\/en\/colaboracion-con-la-semahn-para-la-donacion-de-planta\/\" title=\"Collaboration with the SEMAHN for the donation of plants.\" class=\"cmsmasters_img_link\"><img loading=\"lazy\" decoding=\"async\" width=\"300\" height=\"219\" src=\"https:\/\/ambio.org.mx\/wp-content\/uploads\/2024\/03\/ima21-300x219.png\" class=\"wp-post-image\" alt=\"Colaboraci\u00f3n con la SEMAHN para la donaci\u00f3n de planta.\" title=\"Collaboration with the SEMAHN for the donation of plants.\" \/><\/a><\/figure><\/div><div class=\"cmsmasters_lpr_tabs_cont\"><a href=\"https:\/\/ambio.org.mx\/en\/colaboracion-con-la-semahn-para-la-donacion-de-planta\/\" title=\"Collaboration with the SEMAHN for the donation of plants.\">Collaboration with the SEMAHN for the donation of plants.<\/a><abbr class=\"published\" title=\"30 March, 2024\">30 March, 2024<\/abbr><\/div><\/li><\/ul><\/div><\/div><\/div><\/aside><div class=\"cl\"><\/div>\n<\/div>\n<\/div>\n<\/div>\n<\/div>\n<\/div>\n<\/div>\n<\/div>\n<div id=\"cmsmasters_row_69ebbc625172e7_51248774\" class=\"cmsmasters_row cmsmasters_color_scheme_first cmsmasters_row_top_default cmsmasters_row_bot_default cmsmasters_row_boxed\">\n<div class=\"cmsmasters_row_outer_parent\">\n<div class=\"cmsmasters_row_outer\">\n<div class=\"cmsmasters_row_inner\">\n<div class=\"cmsmasters_row_margin\">\n<div class=\"cmsmasters_column one_first\">\n<div class=\"cmsmasters_sidebar sidebar_layout_131313\"><aside id=\"text-14\" class=\"widget widget_text\">\t\t\t<div class=\"textwidget\">\n<div id=\"cmsmasters_icon_69ebbc62518a67_67072639\" class=\"cmsmasters_icon_wrap\"><span class=\"cmsmasters_simple_icon cmsmasters-icon-phone-alt\"><\/span><\/div>\n\n<p style=\"text-align: center; font-size: 18px;\">+52 (967)  678 - 8416<\/p><\/div>\n\t\t<\/aside><aside id=\"text-12\" class=\"widget widget_text\">\t\t\t<div class=\"textwidget\">\n<div id=\"cmsmasters_icon_69ebbc62519023_83681952\" class=\"cmsmasters_icon_wrap\"><span class=\"cmsmasters_simple_icon cmsmasters-icon-location-3\"><\/span><\/div>\n\n<p style=\"text-align: center; font-size: 18px;\">Emiliano Zapata Street No. 4, Barrio El Relicario, \nSan Crist\u00f3bal de las Casas, Chiapas, M\u00e9xico, P.C. 29286<\/p><\/div>\n\t\t<\/aside><aside id=\"text-13\" class=\"widget widget_text\">\t\t\t<div class=\"textwidget\">\n<div id=\"cmsmasters_icon_69ebbc62519563_92818943\" class=\"cmsmasters_icon_wrap\"><span class=\"cmsmasters_simple_icon cmsmasters-icon-mail-3\"><\/span><\/div>\n\n<p style=\"text-align: center; font-size: 18px;\"> scolelte.ventas@gmail.com <\/p><\/div>\n\t\t<\/aside><div class=\"cl\"><\/div>\n<\/div>\n<\/div>\n<\/div>\n<\/div>\n<\/div>\n<\/div>\n<\/div>","protected":false},"excerpt":{"rendered":"","protected":false},"author":1,"featured_media":0,"parent":0,"menu_order":0,"comment_status":"closed","ping_status":"closed","template":"","meta":{"footnotes":""},"class_list":["post-9861","page","type-page","status-publish","hentry"],"_links":{"self":[{"href":"https:\/\/ambio.org.mx\/en\/wp-json\/wp\/v2\/pages\/9861","targetHints":{"allow":["GET"]}}],"collection":[{"href":"https:\/\/ambio.org.mx\/en\/wp-json\/wp\/v2\/pages"}],"about":[{"href":"https:\/\/ambio.org.mx\/en\/wp-json\/wp\/v2\/types\/page"}],"author":[{"embeddable":true,"href":"https:\/\/ambio.org.mx\/en\/wp-json\/wp\/v2\/users\/1"}],"replies":[{"embeddable":true,"href":"https:\/\/ambio.org.mx\/en\/wp-json\/wp\/v2\/comments?post=9861"}],"version-history":[{"count":17,"href":"https:\/\/ambio.org.mx\/en\/wp-json\/wp\/v2\/pages\/9861\/revisions"}],"predecessor-version":[{"id":12736,"href":"https:\/\/ambio.org.mx\/en\/wp-json\/wp\/v2\/pages\/9861\/revisions\/12736"}],"wp:attachment":[{"href":"https:\/\/ambio.org.mx\/en\/wp-json\/wp\/v2\/media?parent=9861"}],"curies":[{"name":"wp","href":"https:\/\/api.w.org\/{rel}","templated":true}]}}